{"id":11912,"date":"2024-02-20T10:28:22","date_gmt":"2024-02-20T09:28:22","guid":{"rendered":"https:\/\/pvb.ch\/die-delegiertenversammlung\/"},"modified":"2026-01-15T13:45:43","modified_gmt":"2026-01-15T12:45:43","slug":"ad","status":"publish","type":"page","link":"https:\/\/pvb.ch\/fr\/ad\/","title":{"rendered":"L&rsquo;Assembl\u00e9e des d\u00e9l\u00e9gu\u00e9\u00b7e\u00b7s"},"content":{"rendered":"","protected":false},"excerpt":{"rendered":"<p> [&#8230;]<\/p>\n<p><a class=\"btn btn-secondary understrap-read-more-link\" href=\"https:\/\/pvb.ch\/fr\/ad\/\">Lire la suite\u2026<span class=\"screen-reader-text\"> from L&rsquo;Assembl\u00e9e des d\u00e9l\u00e9gu\u00e9\u00b7e\u00b7s<\/span><\/a><\/p>\n","protected":false},"author":9,"featured_media":0,"parent":0,"menu_order":0,"comment_status":"closed","ping_status":"closed","template":"","meta":{"_acf_changed":false},"class_list":["post-11912","page","type-page","status-publish","hentry"],"acf":[],"yoast_head":"<!-- This site is optimized with the Yoast SEO plugin v27.2 - https:\/\/yoast.com\/product\/yoast-seo-wordpress\/ -->\n<title>L&#039;Assembl\u00e9e des d\u00e9l\u00e9gu\u00e9\u00b7e\u00b7s - PVB<\/title>\n<meta name=\"robots\" content=\"index, follow, max-snippet:-1, max-image-preview:large, max-video-preview:-1\" \/>\n<link rel=\"canonical\" href=\"https:\/\/pvb.ch\/fr\/ad\/\" \/>\n<meta property=\"og:locale\" content=\"fr_FR\" \/>\n<meta property=\"og:type\" content=\"article\" \/>\n<meta property=\"og:title\" content=\"L&#039;Assembl\u00e9e des d\u00e9l\u00e9gu\u00e9\u00b7e\u00b7s - PVB\" \/>\n<meta property=\"og:description\" content=\"[...]Lire la suite\u2026 from L&rsquo;Assembl\u00e9e des d\u00e9l\u00e9gu\u00e9\u00b7e\u00b7s\" \/>\n<meta property=\"og:url\" content=\"https:\/\/pvb.ch\/fr\/ad\/\" \/>\n<meta property=\"og:site_name\" content=\"PVB\" \/>\n<meta property=\"article:modified_time\" content=\"2026-01-15T12:45:43+00:00\" \/>\n<meta name=\"twitter:card\" content=\"summary_large_image\" \/>\n<script type=\"application\/ld+json\" class=\"yoast-schema-graph\">{\"@context\":\"https:\/\/schema.org\",\"@graph\":[{\"@type\":\"WebPage\",\"@id\":\"https:\/\/pvb.ch\/fr\/ad\/\",\"url\":\"https:\/\/pvb.ch\/fr\/ad\/\",\"name\":\"L'Assembl\u00e9e des d\u00e9l\u00e9gu\u00e9\u00b7e\u00b7s - PVB\",\"isPartOf\":{\"@id\":\"http:\/\/tuwozisi.cyon.site\/#website\"},\"datePublished\":\"2024-02-20T09:28:22+00:00\",\"dateModified\":\"2026-01-15T12:45:43+00:00\",\"breadcrumb\":{\"@id\":\"https:\/\/pvb.ch\/fr\/ad\/#breadcrumb\"},\"inLanguage\":\"fr-FR\",\"potentialAction\":[{\"@type\":\"ReadAction\",\"target\":[\"https:\/\/pvb.ch\/fr\/ad\/\"]}]},{\"@type\":\"BreadcrumbList\",\"@id\":\"https:\/\/pvb.ch\/fr\/ad\/#breadcrumb\",\"itemListElement\":[{\"@type\":\"ListItem\",\"position\":1,\"name\":\"Home\",\"item\":\"https:\/\/pvb.ch\/fr\/\"},{\"@type\":\"ListItem\",\"position\":2,\"name\":\"L&#8217;Assembl\u00e9e des d\u00e9l\u00e9gu\u00e9\u00b7e\u00b7s\"}]},{\"@type\":\"WebSite\",\"@id\":\"http:\/\/tuwozisi.cyon.site\/#website\",\"url\":\"http:\/\/tuwozisi.cyon.site\/\",\"name\":\"PVB\",\"description\":\"Eine weitere WordPress-Website\",\"publisher\":{\"@id\":\"http:\/\/tuwozisi.cyon.site\/#organization\"},\"potentialAction\":[{\"@type\":\"SearchAction\",\"target\":{\"@type\":\"EntryPoint\",\"urlTemplate\":\"http:\/\/tuwozisi.cyon.site\/?s={search_term_string}\"},\"query-input\":{\"@type\":\"PropertyValueSpecification\",\"valueRequired\":true,\"valueName\":\"search_term_string\"}}],\"inLanguage\":\"fr-FR\"},{\"@type\":\"Organization\",\"@id\":\"http:\/\/tuwozisi.cyon.site\/#organization\",\"name\":\"PVB\",\"url\":\"http:\/\/tuwozisi.cyon.site\/\",\"logo\":{\"@type\":\"ImageObject\",\"inLanguage\":\"fr-FR\",\"@id\":\"http:\/\/tuwozisi.cyon.site\/#\/schema\/logo\/image\/\",\"url\":\"https:\/\/pvb.ch\/wp-content\/uploads\/2021\/11\/Gruppe-1731.svg\",\"contentUrl\":\"https:\/\/pvb.ch\/wp-content\/uploads\/2021\/11\/Gruppe-1731.svg\",\"caption\":\"PVB\"},\"image\":{\"@id\":\"http:\/\/tuwozisi.cyon.site\/#\/schema\/logo\/image\/\"}}]}<\/script>\n<!-- \/ Yoast SEO plugin. -->","yoast_head_json":{"title":"L'Assembl\u00e9e des d\u00e9l\u00e9gu\u00e9\u00b7e\u00b7s - PVB","robots":{"index":"index","follow":"follow","max-snippet":"max-snippet:-1","max-image-preview":"max-image-preview:large","max-video-preview":"max-video-preview:-1"},"canonical":"https:\/\/pvb.ch\/fr\/ad\/","og_locale":"fr_FR","og_type":"article","og_title":"L'Assembl\u00e9e des d\u00e9l\u00e9gu\u00e9\u00b7e\u00b7s - PVB","og_description":"[...]Lire la suite\u2026 from L&rsquo;Assembl\u00e9e des d\u00e9l\u00e9gu\u00e9\u00b7e\u00b7s","og_url":"https:\/\/pvb.ch\/fr\/ad\/","og_site_name":"PVB","article_modified_time":"2026-01-15T12:45:43+00:00","twitter_card":"summary_large_image","schema":{"@context":"https:\/\/schema.org","@graph":[{"@type":"WebPage","@id":"https:\/\/pvb.ch\/fr\/ad\/","url":"https:\/\/pvb.ch\/fr\/ad\/","name":"L'Assembl\u00e9e des d\u00e9l\u00e9gu\u00e9\u00b7e\u00b7s - PVB","isPartOf":{"@id":"http:\/\/tuwozisi.cyon.site\/#website"},"datePublished":"2024-02-20T09:28:22+00:00","dateModified":"2026-01-15T12:45:43+00:00","breadcrumb":{"@id":"https:\/\/pvb.ch\/fr\/ad\/#breadcrumb"},"inLanguage":"fr-FR","potentialAction":[{"@type":"ReadAction","target":["https:\/\/pvb.ch\/fr\/ad\/"]}]},{"@type":"BreadcrumbList","@id":"https:\/\/pvb.ch\/fr\/ad\/#breadcrumb","itemListElement":[{"@type":"ListItem","position":1,"name":"Home","item":"https:\/\/pvb.ch\/fr\/"},{"@type":"ListItem","position":2,"name":"L&#8217;Assembl\u00e9e des d\u00e9l\u00e9gu\u00e9\u00b7e\u00b7s"}]},{"@type":"WebSite","@id":"http:\/\/tuwozisi.cyon.site\/#website","url":"http:\/\/tuwozisi.cyon.site\/","name":"PVB","description":"Eine weitere WordPress-Website","publisher":{"@id":"http:\/\/tuwozisi.cyon.site\/#organization"},"potentialAction":[{"@type":"SearchAction","target":{"@type":"EntryPoint","urlTemplate":"http:\/\/tuwozisi.cyon.site\/?s={search_term_string}"},"query-input":{"@type":"PropertyValueSpecification","valueRequired":true,"valueName":"search_term_string"}}],"inLanguage":"fr-FR"},{"@type":"Organization","@id":"http:\/\/tuwozisi.cyon.site\/#organization","name":"PVB","url":"http:\/\/tuwozisi.cyon.site\/","logo":{"@type":"ImageObject","inLanguage":"fr-FR","@id":"http:\/\/tuwozisi.cyon.site\/#\/schema\/logo\/image\/","url":"https:\/\/pvb.ch\/wp-content\/uploads\/2021\/11\/Gruppe-1731.svg","contentUrl":"https:\/\/pvb.ch\/wp-content\/uploads\/2021\/11\/Gruppe-1731.svg","caption":"PVB"},"image":{"@id":"http:\/\/tuwozisi.cyon.site\/#\/schema\/logo\/image\/"}}]}},"_links":{"self":[{"href":"https:\/\/pvb.ch\/fr\/wp-json\/wp\/v2\/pages\/11912","targetHints":{"allow":["GET"]}}],"collection":[{"href":"https:\/\/pvb.ch\/fr\/wp-json\/wp\/v2\/pages"}],"about":[{"href":"https:\/\/pvb.ch\/fr\/wp-json\/wp\/v2\/types\/page"}],"author":[{"embeddable":true,"href":"https:\/\/pvb.ch\/fr\/wp-json\/wp\/v2\/users\/9"}],"replies":[{"embeddable":true,"href":"https:\/\/pvb.ch\/fr\/wp-json\/wp\/v2\/comments?post=11912"}],"version-history":[{"count":13,"href":"https:\/\/pvb.ch\/fr\/wp-json\/wp\/v2\/pages\/11912\/revisions"}],"predecessor-version":[{"id":17806,"href":"https:\/\/pvb.ch\/fr\/wp-json\/wp\/v2\/pages\/11912\/revisions\/17806"}],"wp:attachment":[{"href":"https:\/\/pvb.ch\/fr\/wp-json\/wp\/v2\/media?parent=11912"}],"curies":[{"name":"wp","href":"https:\/\/api.w.org\/{rel}","templated":true}]}}